{"id":63,"date":"2023-12-10T14:59:37","date_gmt":"2023-12-10T14:59:37","guid":{"rendered":"https:\/\/www.heijastuksiaterapia.fi\/?page_id=63"},"modified":"2023-12-10T15:14:31","modified_gmt":"2023-12-10T15:14:31","slug":"seksuaalineuvonta","status":"publish","type":"page","link":"https:\/\/www.heijastuksiaterapia.fi\/index.php\/seksuaalineuvonta\/","title":{"rendered":"Seksuaalineuvonta"},"content":{"rendered":"\n<p><\/p>\n\n\n\n<div class=\"wp-block-columns is-layout-flex wp-container-core-columns-is-layout-28f84493 wp-block-columns-is-layout-flex\">\n<div class=\"wp-block-column is-layout-flow wp-block-column-is-layout-flow\">\n<p>Kokemukseen itsest\u00e4 liittyy vahvasti my\u00f6s kokemus seksuaalisuudesta. Seksuaalisuus on jokaiselle omanlaisensa ihmisyyden osa, joka on vahvasti kokemuksellinen. Seksuaalisuus on meiss\u00e4 jo heti syntym\u00e4n hetkest\u00e4 aina kuolemaan asti, muuttuen ja el\u00e4en kanssamme eri el\u00e4m\u00e4nvaiheiden l\u00e4pi. Seksuaalinen tyytyv\u00e4isyys on t\u00e4rke\u00e4 osa hyvinvointiamme ja parhaimmillaan tuo meille iloa ja nautintoa.<\/p>\n\n\n\n<p>Joskus el\u00e4m\u00e4 tuo mukanaan tilanteita, jotka saattavat vaikuttaa my\u00f6s seksuaalisuuteen ja siihen, miten koemme itsemme.&nbsp; Joskus haasteet johtuvat vaikkapa el\u00e4m\u00e4n muutoskohdista, kehon muutoksista tai ovat ulkopuolisen tekij\u00e4n aiheuttamia. Joskus haasteet ovat kulkeneet matkassamme jo vaikkapa lapsuudesta asti. Joskus seksuaalisuuttamme on voitu my\u00f6s satuttaa ja tuon kivun vaikutus voi joskus est\u00e4\u00e4 el\u00e4m\u00e4st\u00e4 sellaista el\u00e4m\u00e4\u00e4, kuin toivoisimme.<\/p>\n\n\n\n<p>Seksuaalineuvonnassa voidaan rauhassa pys\u00e4hty\u00e4 pohtimaan, mitk\u00e4 asiat auttavat sinua kohti oman n\u00e4k\u00f6ist\u00e4 seksuaalista hyvinvointia.<\/p>\n\n\n\n<p>Tavallisia teemoja ovat esimerkiksi:<\/p>\n\n\n\n<ul class=\"wp-block-list\">\n<li>seksuaali- tai sukupuoli-identiteetin pohtiminen<\/li>\n\n\n\n<li>kehoh\u00e4pe\u00e4<\/li>\n\n\n\n<li>haluttomuus tai halujen eriparisuus suhteessa<\/li>\n\n\n\n<li>raskauden aikainen tai synnytyksen j\u00e4lkeinen seksuaalisuus<\/li>\n\n\n\n<li>toiminnalliset seksuaalih\u00e4iri\u00f6t (orgasmivaikeudet, erektiovaikeudet)<\/li>\n\n\n\n<li>yhdynt\u00e4kipu<\/li>\n\n\n\n<li>nautinto<\/li>\n\n\n\n<li>sairauden vaikutus seksuaalisuuteen<\/li>\n\n\n\n<li>seksuaalisuuden muutokset eri el\u00e4m\u00e4nvaiheissa<\/li>\n<\/ul>\n\n\n\n<p>Seksuaalisella hyvinvoinnilla on merkitt\u00e4v\u00e4 vaikutus siihen, miten koemme itsemme, miten voimme ihmissuhteissamme ja el\u00e4m\u00e4ss\u00e4mme. Mik\u00e4li kannat mukanasi huolta, pelkoa, h\u00e4pe\u00e4\u00e4 tai ep\u00e4varmuutta, voimme yhdess\u00e4 turvallisesti pohtia, mik\u00e4 auttaisi juuri sinua kohti sellaista, mit\u00e4 toivot.<\/p>\n<\/div>\n\n\n\n<div class=\"wp-block-column is-layout-flow wp-block-column-is-layout-flow\">\n<figure class=\"wp-block-image size-large\"><img loading=\"lazy\" decoding=\"async\" width=\"768\" height=\"1024\" src=\"https:\/\/www.heijastuksiaterapia.fi\/wp-content\/uploads\/2023\/12\/IMG_20220721_210239-768x1024.jpg\" alt=\"\" class=\"wp-image-89\" srcset=\"https:\/\/www.heijastuksiaterapia.fi\/wp-content\/uploads\/2023\/12\/IMG_20220721_210239-768x1024.jpg 768w, https:\/\/www.heijastuksiaterapia.fi\/wp-content\/uploads\/2023\/12\/IMG_20220721_210239-225x300.jpg 225w, https:\/\/www.heijastuksiaterapia.fi\/wp-content\/uploads\/2023\/12\/IMG_20220721_210239-2000x2667.jpg 2000w, https:\/\/www.heijastuksiaterapia.fi\/wp-content\/uploads\/2023\/12\/IMG_20220721_210239-scaled.jpg 1920w\" sizes=\"auto, (max-width: 768px) 100vw, 768px\" \/><\/figure>\n<\/div>\n<\/div>\n","protected":false},"excerpt":{"rendered":"<p>Kokemukseen itsest\u00e4 liittyy vahvasti my\u00f6s kokemus seksuaalisuudesta. Seksuaalisuus on jokaiselle omanlaisensa ihmisyyden osa, joka on vahvasti kokemuksellinen. Seksuaalisuus on meiss\u00e4 jo heti syntym\u00e4n hetkest\u00e4 aina kuolemaan asti, muuttuen ja el\u00e4en kanssamme eri el\u00e4m\u00e4nvaiheiden l\u00e4pi. Seksuaalinen tyytyv\u00e4isyys on t\u00e4rke\u00e4 osa hyvinvointiamme ja parhaimmillaan tuo meille iloa ja nautintoa. Joskus el\u00e4m\u00e4 tuo mukanaan tilanteita, jotka saattavat vaikuttaa &hellip; <\/p>\n<p class=\"link-more\"><a href=\"https:\/\/www.heijastuksiaterapia.fi\/index.php\/seksuaalineuvonta\/\" class=\"more-link\">Read more<span class=\"screen-reader-text\"> &#8221;Seksuaalineuvonta&#8221;<\/span><\/a><\/p>\n","protected":false},"author":1,"featured_media":0,"parent":0,"menu_order":0,"comment_status":"closed","ping_status":"closed","template":"","meta":{"inspiro_hide_title":false,"footnotes":""},"class_list":["post-63","page","type-page","status-publish","hentry"],"_links":{"self":[{"href":"https:\/\/www.heijastuksiaterapia.fi\/index.php\/wp-json\/wp\/v2\/pages\/63","targetHints":{"allow":["GET"]}}],"collection":[{"href":"https:\/\/www.heijastuksiaterapia.fi\/index.php\/wp-json\/wp\/v2\/pages"}],"about":[{"href":"https:\/\/www.heijastuksiaterapia.fi\/index.php\/wp-json\/wp\/v2\/types\/page"}],"author":[{"embeddable":true,"href":"https:\/\/www.heijastuksiaterapia.fi\/index.php\/wp-json\/wp\/v2\/users\/1"}],"replies":[{"embeddable":true,"href":"https:\/\/www.heijastuksiaterapia.fi\/index.php\/wp-json\/wp\/v2\/comments?post=63"}],"version-history":[{"count":3,"href":"https:\/\/www.heijastuksiaterapia.fi\/index.php\/wp-json\/wp\/v2\/pages\/63\/revisions"}],"predecessor-version":[{"id":90,"href":"https:\/\/www.heijastuksiaterapia.fi\/index.php\/wp-json\/wp\/v2\/pages\/63\/revisions\/90"}],"wp:attachment":[{"href":"https:\/\/www.heijastuksiaterapia.fi\/index.php\/wp-json\/wp\/v2\/media?parent=63"}],"curies":[{"name":"wp","href":"https:\/\/api.w.org\/{rel}","templated":true}]}}