{"id":62,"date":"2023-12-10T14:59:37","date_gmt":"2023-12-10T14:59:37","guid":{"rendered":"https:\/\/www.heijastuksiaterapia.fi\/?page_id=62"},"modified":"2023-12-10T15:12:59","modified_gmt":"2023-12-10T15:12:59","slug":"pariterapia","status":"publish","type":"page","link":"https:\/\/www.heijastuksiaterapia.fi\/index.php\/pariterapia\/","title":{"rendered":"Pariterapia"},"content":{"rendered":"\n<p><\/p>\n\n\n\n<div class=\"wp-block-columns is-layout-flex wp-container-core-columns-is-layout-28f84493 wp-block-columns-is-layout-flex\">\n<div class=\"wp-block-column is-layout-flow wp-block-column-is-layout-flow\">\n<p>Parisuhde on yksi aikuisel\u00e4m\u00e4n merkityksellisimmist\u00e4 ihmissuhteista.<\/p>\n\n\n\n<p>Hyv\u00e4ss\u00e4, turvallisessa parisuhteessa voimme luottaa siihen, ett\u00e4 toinen on l\u00e4sn\u00e4 ja l\u00e4hell\u00e4 silloin, kun tarvitsemme.<\/p>\n\n\n\n<p>Joskus kuitenkin arki, kiire ja erilaiset el\u00e4m\u00e4ntilanteet saattavat aiheuttaa tunteen, ett\u00e4 v\u00e4limatka toisen luo on kasvanut liian suureksi. Voi olla riitoja ja yksin\u00e4isyytt\u00e4, keskustelu p\u00e4\u00e4tyy syyttelyyn ja riitoihin eik\u00e4 l\u00e4heisyytt\u00e4k\u00e4\u00e4n oikein ole.<\/p>\n\n\n\n<p>T\u00e4ll\u00f6in pariterapia voi olla turvallinen paikka rakentaa uudelleen suhdetta kumppaniin.<\/p>\n\n\n\n<p>Pariterapiaan voi tulla my\u00f6s, vaikka suurempia haasteita ei olisikaan. Joskus esimerkiksi uudessa el\u00e4m\u00e4nvaiheessa voi tuntua hyv\u00e4lt\u00e4 pys\u00e4hty\u00e4 pohtimaan yhteist\u00e4 matkaa siihen asti ja mietti\u00e4 suuntaviittoja tulevaan.<\/p>\n\n\n\n<p>Pariterapiassa kanssani ty\u00f6skennell\u00e4\u00e4n pitk\u00e4lti tunnekeskeisen pariterapian viitekehyksen pohjalta.<\/p>\n\n\n\n<p>Paritapaamisten alussa kuulen usein, ett\u00e4 tietyt riitatilanteet toistuvat ja omat keinot tilanteen korjaamiseksi on v\u00e4hiss\u00e4 tai k\u00e4ytetty. Tuo riitatilanne kertoo siit\u00e4, ett\u00e4 olemme h\u00e4diss\u00e4mme, koska tunneyhteys t\u00e4rke\u00e4\u00e4n ihmiseen on vaarassa katketa. Tunnekeskeisess\u00e4 pariterapiassa keskityt\u00e4\u00e4n siihen, mit\u00e4 pariskunnan v\u00e4lill\u00e4 tapahtuu tuossa hetkess\u00e4 ja pyrit\u00e4\u00e4n rakentamaan tunnesuhdetta uudelleen. Teorian taustalla vaikuttaa teoria kiintymyssuhteista (tunnekeskeinenpariterapia.fi).<\/p>\n\n\n\n<p>Koska parisuhde on yksi el\u00e4m\u00e4n t\u00e4rkeimmist\u00e4 suhteista, pelko sen p\u00e4\u00e4ttymisest\u00e4 on usein valtava. Riitoihin saattaa liitty\u00e4 my\u00f6s paljon syyllisyyden, h\u00e4pe\u00e4n ja ep\u00e4onnistumisen tunteita.<\/p>\n\n\n\n<p>Minulle on t\u00e4rke\u00e4\u00e4 kuulla parisuhteen osapuolia tasapuolisesti, pyrki\u00e4 ymm\u00e4rt\u00e4m\u00e4\u00e4n syit\u00e4 hankalien hetkien taustalla ja olla turvallisena tukena niiss\u00e4 hetkiss\u00e4, kun uskalletaan avata toiselle niit\u00e4 kaikkein kipeimpi\u00e4 pelkoja ja tunteita.<\/p>\n\n\n\n<p>Jokainen pariterapiaan tullut pari on todennut sen olleen oikea p\u00e4\u00e4t\u00f6s, joka olisi kannattanut tehd\u00e4 jo paljon aiemmin.<\/p>\n\n\n\n<p>Jos haluatte pohtia yhdess\u00e4 kanssani tilannettanne, onko tarjoamani apu sit\u00e4, mit\u00e4 kaipaatte tai min\u00e4 henkil\u00f6n\u00e4 sellainen, jonka kanssa haluatte ty\u00f6skennell\u00e4 teille t\u00e4rke\u00e4n asian \u00e4\u00e4rell\u00e4, voitte varata tutustumisajan vastaanotolleni.<\/p>\n\n\n\n<p>L\u00e4mpim\u00e4sti tervetuloa!<\/p>\n<\/div>\n\n\n\n<div class=\"wp-block-column is-layout-flow wp-block-column-is-layout-flow\">\n<figure class=\"wp-block-image size-large\"><img loading=\"lazy\" decoding=\"async\" width=\"768\" height=\"1024\" src=\"https:\/\/www.heijastuksiaterapia.fi\/wp-content\/uploads\/2023\/12\/IMG_20220514_141630-768x1024.jpg\" alt=\"\" class=\"wp-image-85\" srcset=\"https:\/\/www.heijastuksiaterapia.fi\/wp-content\/uploads\/2023\/12\/IMG_20220514_141630-768x1024.jpg 768w, https:\/\/www.heijastuksiaterapia.fi\/wp-content\/uploads\/2023\/12\/IMG_20220514_141630-225x300.jpg 225w, https:\/\/www.heijastuksiaterapia.fi\/wp-content\/uploads\/2023\/12\/IMG_20220514_141630-2000x2667.jpg 2000w, https:\/\/www.heijastuksiaterapia.fi\/wp-content\/uploads\/2023\/12\/IMG_20220514_141630-scaled.jpg 1920w\" sizes=\"auto, (max-width: 768px) 100vw, 768px\" \/><\/figure>\n<\/div>\n<\/div>\n","protected":false},"excerpt":{"rendered":"<p>Parisuhde on yksi aikuisel\u00e4m\u00e4n merkityksellisimmist\u00e4 ihmissuhteista. Hyv\u00e4ss\u00e4, turvallisessa parisuhteessa voimme luottaa siihen, ett\u00e4 toinen on l\u00e4sn\u00e4 ja l\u00e4hell\u00e4 silloin, kun tarvitsemme. Joskus kuitenkin arki, kiire ja erilaiset el\u00e4m\u00e4ntilanteet saattavat aiheuttaa tunteen, ett\u00e4 v\u00e4limatka toisen luo on kasvanut liian suureksi. Voi olla riitoja ja yksin\u00e4isyytt\u00e4, keskustelu p\u00e4\u00e4tyy syyttelyyn ja riitoihin eik\u00e4 l\u00e4heisyytt\u00e4k\u00e4\u00e4n oikein ole. T\u00e4ll\u00f6in pariterapia &hellip; <\/p>\n<p class=\"link-more\"><a href=\"https:\/\/www.heijastuksiaterapia.fi\/index.php\/pariterapia\/\" class=\"more-link\">Read more<span class=\"screen-reader-text\"> &#8221;Pariterapia&#8221;<\/span><\/a><\/p>\n","protected":false},"author":1,"featured_media":0,"parent":0,"menu_order":0,"comment_status":"closed","ping_status":"closed","template":"","meta":{"inspiro_hide_title":false,"footnotes":""},"class_list":["post-62","page","type-page","status-publish","hentry"],"_links":{"self":[{"href":"https:\/\/www.heijastuksiaterapia.fi\/index.php\/wp-json\/wp\/v2\/pages\/62","targetHints":{"allow":["GET"]}}],"collection":[{"href":"https:\/\/www.heijastuksiaterapia.fi\/index.php\/wp-json\/wp\/v2\/pages"}],"about":[{"href":"https:\/\/www.heijastuksiaterapia.fi\/index.php\/wp-json\/wp\/v2\/types\/page"}],"author":[{"embeddable":true,"href":"https:\/\/www.heijastuksiaterapia.fi\/index.php\/wp-json\/wp\/v2\/users\/1"}],"replies":[{"embeddable":true,"href":"https:\/\/www.heijastuksiaterapia.fi\/index.php\/wp-json\/wp\/v2\/comments?post=62"}],"version-history":[{"count":4,"href":"https:\/\/www.heijastuksiaterapia.fi\/index.php\/wp-json\/wp\/v2\/pages\/62\/revisions"}],"predecessor-version":[{"id":87,"href":"https:\/\/www.heijastuksiaterapia.fi\/index.php\/wp-json\/wp\/v2\/pages\/62\/revisions\/87"}],"wp:attachment":[{"href":"https:\/\/www.heijastuksiaterapia.fi\/index.php\/wp-json\/wp\/v2\/media?parent=62"}],"curies":[{"name":"wp","href":"https:\/\/api.w.org\/{rel}","templated":true}]}}