{"id":40,"date":"2023-12-10T14:36:05","date_gmt":"2023-12-10T14:36:05","guid":{"rendered":"https:\/\/www.heijastuksiaterapia.fi\/?page_id=40"},"modified":"2025-01-28T16:57:52","modified_gmt":"2025-01-28T16:57:52","slug":"hinnasto","status":"publish","type":"page","link":"https:\/\/www.heijastuksiaterapia.fi\/index.php\/hinnasto\/","title":{"rendered":"Hinnasto"},"content":{"rendered":"\n<p><strong><em>Hinnat -Alv. 0 %<\/em><\/strong> (1.1.2025 alkaen)<\/p>\n\n\n\n<div class=\"wp-block-columns is-layout-flex wp-container-core-columns-is-layout-28f84493 wp-block-columns-is-layout-flex\">\n<div class=\"wp-block-column is-layout-flow wp-block-column-is-layout-flow\">\n<p>Uuden asiakkaan tutustumisk\u00e4ynti (60 min)                 <strong>50 \u20ac<\/strong><\/p>\n\n\n\n<p>Yksil\u00f6k\u00e4ynti (60 min)                                                       <strong>85 \u20ac<\/strong><\/p>\n\n\n\n<p>Pariterapia (90 min)                                                         <strong>120 \u20ac<\/strong><\/p>\n\n\n\n<p>Pariterapiaan voi sis\u00e4lty\u00e4 yksi yksil\u00f6tapaaminen                                kummankin osapuolen kanssa (60 min) osana                           terapiaprosessia                       <strong>                                             60 \u20ac<\/strong><\/p>\n\n\n\n<p>Perhek\u00e4ynti (90 min)                                                       <strong>120 \u20ac<\/strong><\/p>\n\n\n\n<p><\/p>\n\n\n\n<p>K\u00e4yntiajan voi peruuttaa tai siirt\u00e4\u00e4 maksutta 24h ennen varattua aikaa. <\/p>\n\n\n\n<p>Alle 24h peruutuksesta veloitetaan 50% k\u00e4ynnin hinnasta. Peruuttamattomasta ajanvarauksesta veloitetaan k\u00e4ynnin hinta t\u00e4ysim\u00e4\u00e4r\u00e4isen\u00e4. <\/p>\n<\/div>\n\n\n\n<div class=\"wp-block-column is-layout-flow wp-block-column-is-layout-flow\">\n<figure class=\"wp-block-image size-large\"><img loading=\"lazy\" decoding=\"async\" width=\"768\" height=\"1024\" src=\"https:\/\/www.heijastuksiaterapia.fi\/wp-content\/uploads\/2023\/12\/IMG_20230706_190415-768x1024.jpg\" alt=\"\" class=\"wp-image-100\" srcset=\"https:\/\/www.heijastuksiaterapia.fi\/wp-content\/uploads\/2023\/12\/IMG_20230706_190415-768x1024.jpg 768w, https:\/\/www.heijastuksiaterapia.fi\/wp-content\/uploads\/2023\/12\/IMG_20230706_190415-225x300.jpg 225w, https:\/\/www.heijastuksiaterapia.fi\/wp-content\/uploads\/2023\/12\/IMG_20230706_190415-2000x2667.jpg 2000w, https:\/\/www.heijastuksiaterapia.fi\/wp-content\/uploads\/2023\/12\/IMG_20230706_190415-scaled.jpg 1920w\" sizes=\"auto, (max-width: 768px) 100vw, 768px\" \/><\/figure>\n<\/div>\n<\/div>\n","protected":false},"excerpt":{"rendered":"<p>Hinnat -Alv. 0 % (1.1.2025 alkaen) Uuden asiakkaan tutustumisk\u00e4ynti (60 min) 50 \u20ac Yksil\u00f6k\u00e4ynti (60 min) 85 \u20ac Pariterapia (90 min) 120 \u20ac Pariterapiaan voi sis\u00e4lty\u00e4 yksi yksil\u00f6tapaaminen kummankin osapuolen kanssa (60 min) osana terapiaprosessia 60 \u20ac Perhek\u00e4ynti (90 min) 120 \u20ac K\u00e4yntiajan voi peruuttaa tai siirt\u00e4\u00e4 maksutta 24h ennen varattua aikaa. Alle 24h peruutuksesta &hellip; <\/p>\n<p class=\"link-more\"><a href=\"https:\/\/www.heijastuksiaterapia.fi\/index.php\/hinnasto\/\" class=\"more-link\">Read more<span class=\"screen-reader-text\"> &#8221;Hinnasto&#8221;<\/span><\/a><\/p>\n","protected":false},"author":1,"featured_media":0,"parent":0,"menu_order":0,"comment_status":"closed","ping_status":"closed","template":"","meta":{"inspiro_hide_title":false,"footnotes":""},"class_list":["post-40","page","type-page","status-publish","hentry"],"_links":{"self":[{"href":"https:\/\/www.heijastuksiaterapia.fi\/index.php\/wp-json\/wp\/v2\/pages\/40","targetHints":{"allow":["GET"]}}],"collection":[{"href":"https:\/\/www.heijastuksiaterapia.fi\/index.php\/wp-json\/wp\/v2\/pages"}],"about":[{"href":"https:\/\/www.heijastuksiaterapia.fi\/index.php\/wp-json\/wp\/v2\/types\/page"}],"author":[{"embeddable":true,"href":"https:\/\/www.heijastuksiaterapia.fi\/index.php\/wp-json\/wp\/v2\/users\/1"}],"replies":[{"embeddable":true,"href":"https:\/\/www.heijastuksiaterapia.fi\/index.php\/wp-json\/wp\/v2\/comments?post=40"}],"version-history":[{"count":6,"href":"https:\/\/www.heijastuksiaterapia.fi\/index.php\/wp-json\/wp\/v2\/pages\/40\/revisions"}],"predecessor-version":[{"id":134,"href":"https:\/\/www.heijastuksiaterapia.fi\/index.php\/wp-json\/wp\/v2\/pages\/40\/revisions\/134"}],"wp:attachment":[{"href":"https:\/\/www.heijastuksiaterapia.fi\/index.php\/wp-json\/wp\/v2\/media?parent=40"}],"curies":[{"name":"wp","href":"https:\/\/api.w.org\/{rel}","templated":true}]}}