{"id":39,"date":"2023-12-10T14:36:05","date_gmt":"2023-12-10T14:36:05","guid":{"rendered":"https:\/\/www.heijastuksiaterapia.fi\/?page_id=39"},"modified":"2025-11-30T20:18:03","modified_gmt":"2025-11-30T20:18:03","slug":"kuka-olen","status":"publish","type":"page","link":"https:\/\/www.heijastuksiaterapia.fi\/index.php\/kuka-olen\/","title":{"rendered":"Minusta"},"content":{"rendered":"\n<div class=\"wp-block-columns is-layout-flex wp-container-core-columns-is-layout-28f84493 wp-block-columns-is-layout-flex\">\n<div class=\"wp-block-column is-layout-flow wp-block-column-is-layout-flow\">\n<p>Kiva ett\u00e4 olet l\u00f6yt\u00e4nyt sivuilleni!<\/p>\n\n\n\n<p>Olen 50 \u2013 vuotias pariterapeutti, auktorisoitu seksuaalineuvoja ja terveydenhoitaja. Perheeseeni kuulu aviopuoliso ja kolme aikuista lasta sek\u00e4 koira.<\/p>\n\n\n\n<p>Toivon voivani tarjota sinulle turvallisen tilan, jossa voit olla l\u00e4sn\u00e4 kaikkine huolinesi, pelkoinesi ja haavoinesi. Minulle on t\u00e4rke\u00e4\u00e4 kuulla juuri sinun tarinasi ja pys\u00e4hty\u00e4 sen \u00e4\u00e4relle. Kuunteleminen ja kuuleminen, rauhallinen l\u00e4sn\u00e4olo on itselleni ty\u00f6ss\u00e4 keskeist\u00e4. Jos mietit, ett\u00e4 puhuminen tuntuu sinusta vaikealta ja mietit, osaatko pukea asiasi sanoiksi, autan siin\u00e4 sinua. Keskustelun lis\u00e4ksi k\u00e4yt\u00e4n tarvittaessa erilaisia teht\u00e4vi\u00e4 ja harjoituksia auttaakseni sinua pohtimaan sit\u00e4, mit\u00e4 kohti haluat menn\u00e4 tai mik\u00e4 toisi sinun el\u00e4m\u00e4\u00e4si sit\u00e4, mit\u00e4 kaipaat.<\/p>\n\n\n\n<p>Usein ensimm\u00e4isen askeleen ottaminen on kaikkien vaikeinta mutta se on my\u00f6s hetki, jolloin matka kohti jotain toivomaasi voi k\u00e4ynnisty\u00e4!<\/p>\n\n\n\n<p>Toivon, ett\u00e4 kanssani voit pys\u00e4hty\u00e4 pohtimaan juuri sinulle merkityksellisi\u00e4 asioita, hankaliltakin tuntuvia hetki\u00e4 ja suuntaa, jonne haluaisit kulkea.<\/p>\n\n\n\n<p>Ty\u00f6historiaani kuuluu ty\u00f6skentely parisuhteen, vanhemmuuden, erilaisten el\u00e4m\u00e4nkriisien ja hankalienkin el\u00e4m\u00e4ntapahtumien parissa. Olen tottunut tekem\u00e4\u00e4n t\u00f6it\u00e4 niin nuorten kuin aikuisik\u00e4\u00e4n ehtineiden parissa hyvin erilaisissa el\u00e4m\u00e4ntilanteissa.<\/p>\n\n\n\n<p>Omaa kouluttautumistani on matkan varrella ohjannut halu ymm\u00e4rt\u00e4\u00e4 paremmin ihmisten v\u00e4lisi\u00e4 suhteita, niihin vaikuttavia tekij\u00f6it\u00e4, perheen ja l\u00e4hiymp\u00e4rist\u00f6n merkityst\u00e4 sek\u00e4 ihmisen kokonaisvaltaisuuden huomioimista.<\/p>\n\n\n\n<p>Jokaisen tarina on ainutkertainen ja ansaitsee tulla kohdatuksi sellaisena.<\/p>\n\n\n\n<p>Olet l\u00e4mpim\u00e4sti tervetullut &lt;3<\/p>\n<\/div>\n\n\n\n<div class=\"wp-block-column is-layout-flow wp-block-column-is-layout-flow\">\n<figure class=\"wp-block-image size-large\"><img loading=\"lazy\" decoding=\"async\" width=\"768\" height=\"1024\" src=\"https:\/\/www.heijastuksiaterapia.fi\/wp-content\/uploads\/2023\/12\/IMG-20231119-WA00102-1-768x1024.jpg\" alt=\"\" class=\"wp-image-81\" srcset=\"https:\/\/www.heijastuksiaterapia.fi\/wp-content\/uploads\/2023\/12\/IMG-20231119-WA00102-1-768x1024.jpg 768w, https:\/\/www.heijastuksiaterapia.fi\/wp-content\/uploads\/2023\/12\/IMG-20231119-WA00102-1-225x300.jpg 225w, https:\/\/www.heijastuksiaterapia.fi\/wp-content\/uploads\/2023\/12\/IMG-20231119-WA00102-1.jpg 1536w\" sizes=\"auto, (max-width: 768px) 100vw, 768px\" \/><\/figure>\n<\/div>\n<\/div>\n\n\n\n<p><\/p>\n\n\n\n<div class=\"wp-block-columns is-layout-flex wp-container-core-columns-is-layout-28f84493 wp-block-columns-is-layout-flex\">\n<div class=\"wp-block-column is-layout-flow wp-block-column-is-layout-flow\">\n<p><strong>KOULUTUKSET<\/strong><\/p>\n\n\n\n<p>Tunnekeskeisen parisuhdekurssin &#8211; ohjaajakoulutus v. 2025<\/p>\n\n\n\n<p>CPC-CBT-program (Combined Parent-Child Cognitive Behavioral Therapy) Suom. LKK eli lapsen kaltoinkohtelun katkaisu ohjelma. Ty\u00f6skentelyn tavoitteena on vahvistaa ja tukea vanhempia l\u00f6yt\u00e4m\u00e4\u00e4n turvallisia k\u00e4ytt\u00e4ytymismalleja arkeen. v. 2024<\/p>\n\n\n\n<p>Tunnekeskeisen pariterapian perusopinnot v. 2023<\/p>\n\n\n\n<p>Paripsykoterapian t\u00e4ydennyskoulutus v. 2020 \u20132021<\/p>\n\n\n\n<p>My\u00f6t\u00e4tuntokeskeisi\u00e4 menetelmi\u00e4 lyhytinterventioissa v.2022<\/p>\n\n\n\n<p>SomeBody v\u00e4kivaltaty\u00f6ss\u00e4 \u2013 ohjaajakoulutus v. 2020 (teemat: kehotietoisuus, kehonkuva, hengitys, min\u00e4k\u00e4sitys, tunteet, vuorovaikutus, kosketus, rentoutuminen)<\/p>\n\n\n\n<p>Auktorisoitu Seksuaalineuvoja v. 2019<\/p>\n\n\n\n<p>Keijun varjo-ohjaaja koulutus v 2019<\/p>\n\n\n\n<p>Traumaattisten kriisien koulutus v. 2017<\/p>\n\n\n\n<p>Seksuaalikasvatus- koulutus v 2010<\/p>\n\n\n\n<p>Perheterapiakoulutus v. 2005<\/p>\n\n\n\n<p>Terveydenhoitaja v 1997<\/p>\n\n\n\n<p>Lis\u00e4ksi paljon lyhyempi\u00e4 t\u00e4ydennyskoulutuksia koko ty\u00f6uran ajalta<\/p>\n<\/div>\n<\/div>\n","protected":false},"excerpt":{"rendered":"<p>Kiva ett\u00e4 olet l\u00f6yt\u00e4nyt sivuilleni! Olen 50 \u2013 vuotias pariterapeutti, auktorisoitu seksuaalineuvoja ja terveydenhoitaja. Perheeseeni kuulu aviopuoliso ja kolme aikuista lasta sek\u00e4 koira. Toivon voivani tarjota sinulle turvallisen tilan, jossa voit olla l\u00e4sn\u00e4 kaikkine huolinesi, pelkoinesi ja haavoinesi. Minulle on t\u00e4rke\u00e4\u00e4 kuulla juuri sinun tarinasi ja pys\u00e4hty\u00e4 sen \u00e4\u00e4relle. Kuunteleminen ja kuuleminen, rauhallinen l\u00e4sn\u00e4olo on &hellip; <\/p>\n<p class=\"link-more\"><a href=\"https:\/\/www.heijastuksiaterapia.fi\/index.php\/kuka-olen\/\" class=\"more-link\">Read more<span class=\"screen-reader-text\"> &#8221;Minusta&#8221;<\/span><\/a><\/p>\n","protected":false},"author":1,"featured_media":0,"parent":0,"menu_order":0,"comment_status":"closed","ping_status":"closed","template":"","meta":{"inspiro_hide_title":false,"footnotes":""},"class_list":["post-39","page","type-page","status-publish","hentry"],"_links":{"self":[{"href":"https:\/\/www.heijastuksiaterapia.fi\/index.php\/wp-json\/wp\/v2\/pages\/39","targetHints":{"allow":["GET"]}}],"collection":[{"href":"https:\/\/www.heijastuksiaterapia.fi\/index.php\/wp-json\/wp\/v2\/pages"}],"about":[{"href":"https:\/\/www.heijastuksiaterapia.fi\/index.php\/wp-json\/wp\/v2\/types\/page"}],"author":[{"embeddable":true,"href":"https:\/\/www.heijastuksiaterapia.fi\/index.php\/wp-json\/wp\/v2\/users\/1"}],"replies":[{"embeddable":true,"href":"https:\/\/www.heijastuksiaterapia.fi\/index.php\/wp-json\/wp\/v2\/comments?post=39"}],"version-history":[{"count":9,"href":"https:\/\/www.heijastuksiaterapia.fi\/index.php\/wp-json\/wp\/v2\/pages\/39\/revisions"}],"predecessor-version":[{"id":142,"href":"https:\/\/www.heijastuksiaterapia.fi\/index.php\/wp-json\/wp\/v2\/pages\/39\/revisions\/142"}],"wp:attachment":[{"href":"https:\/\/www.heijastuksiaterapia.fi\/index.php\/wp-json\/wp\/v2\/media?parent=39"}],"curies":[{"name":"wp","href":"https:\/\/api.w.org\/{rel}","templated":true}]}}