{"id":37,"date":"2023-12-10T14:36:05","date_gmt":"2023-12-10T14:36:05","guid":{"rendered":"https:\/\/www.heijastuksiaterapia.fi\/?page_id=37"},"modified":"2025-11-30T20:16:36","modified_gmt":"2025-11-30T20:16:36","slug":"ota-yhteytta","status":"publish","type":"page","link":"https:\/\/www.heijastuksiaterapia.fi\/index.php\/ota-yhteytta\/","title":{"rendered":"Ota yhteytt\u00e4"},"content":{"rendered":"\n<div class=\"wp-block-columns is-layout-flex wp-container-core-columns-is-layout-28f84493 wp-block-columns-is-layout-flex\">\n<div class=\"wp-block-column is-layout-flow wp-block-column-is-layout-flow\">\n<p>Tavoitat minut parhaiten s\u00e4hk\u00f6postilla<\/p>\n\n\n\n<p><strong>marjut@heijastuksiaterapia.fi<\/strong> <\/p>\n\n\n\n<p>Voit olla yhteydess\u00e4 my\u00f6s puhelimitse <\/p>\n\n\n\n<p><strong>puh. 050 593 1139<\/strong><\/p>\n\n\n\n<p>Voit my\u00f6s j\u00e4tt\u00e4\u00e4 soittopyynn\u00f6n s\u00e4hk\u00f6postiin tai teksti- tai whatsappviestill\u00e4. <\/p>\n\n\n\n<p>En v\u00e4ltt\u00e4m\u00e4tt\u00e4 pysty heti vastaamaan puheluusi, mutta mik\u00e4li j\u00e4t\u00e4t soittopyynn\u00f6n, olen sinuun yhteydess\u00e4 mahdollisimman pian.<\/p>\n\n\n\n<p>Toimitilani sijaitsevat Turussa, hyvien kulkuyhteyksien ja pys\u00e4k\u00f6intimahdollisuuksien \u00e4\u00e4rell\u00e4.<\/p>\n\n\n\n<p><strong> <\/strong><\/p>\n\n\n\n<p><\/p>\n<\/div>\n\n\n\n<div class=\"wp-block-column is-layout-flow wp-block-column-is-layout-flow\">\n<figure class=\"wp-block-image size-large\"><img loading=\"lazy\" decoding=\"async\" width=\"768\" height=\"1024\" src=\"https:\/\/www.heijastuksiaterapia.fi\/wp-content\/uploads\/2023\/12\/IMG_20230512_162741-768x1024.jpg\" alt=\"\" class=\"wp-image-96\" srcset=\"https:\/\/www.heijastuksiaterapia.fi\/wp-content\/uploads\/2023\/12\/IMG_20230512_162741-768x1024.jpg 768w, https:\/\/www.heijastuksiaterapia.fi\/wp-content\/uploads\/2023\/12\/IMG_20230512_162741-225x300.jpg 225w, https:\/\/www.heijastuksiaterapia.fi\/wp-content\/uploads\/2023\/12\/IMG_20230512_162741-2000x2667.jpg 2000w, https:\/\/www.heijastuksiaterapia.fi\/wp-content\/uploads\/2023\/12\/IMG_20230512_162741-scaled.jpg 1920w\" sizes=\"auto, (max-width: 768px) 100vw, 768px\" \/><\/figure>\n<\/div>\n<\/div>\n","protected":false},"excerpt":{"rendered":"<p>Tavoitat minut parhaiten s\u00e4hk\u00f6postilla marjut@heijastuksiaterapia.fi Voit olla yhteydess\u00e4 my\u00f6s puhelimitse puh. 050 593 1139 Voit my\u00f6s j\u00e4tt\u00e4\u00e4 soittopyynn\u00f6n s\u00e4hk\u00f6postiin tai teksti- tai whatsappviestill\u00e4. En v\u00e4ltt\u00e4m\u00e4tt\u00e4 pysty heti vastaamaan puheluusi, mutta mik\u00e4li j\u00e4t\u00e4t soittopyynn\u00f6n, olen sinuun yhteydess\u00e4 mahdollisimman pian. Toimitilani sijaitsevat Turussa, hyvien kulkuyhteyksien ja pys\u00e4k\u00f6intimahdollisuuksien \u00e4\u00e4rell\u00e4.<\/p>\n","protected":false},"author":1,"featured_media":0,"parent":0,"menu_order":0,"comment_status":"closed","ping_status":"closed","template":"","meta":{"inspiro_hide_title":false,"footnotes":""},"class_list":["post-37","page","type-page","status-publish","hentry"],"_links":{"self":[{"href":"https:\/\/www.heijastuksiaterapia.fi\/index.php\/wp-json\/wp\/v2\/pages\/37","targetHints":{"allow":["GET"]}}],"collection":[{"href":"https:\/\/www.heijastuksiaterapia.fi\/index.php\/wp-json\/wp\/v2\/pages"}],"about":[{"href":"https:\/\/www.heijastuksiaterapia.fi\/index.php\/wp-json\/wp\/v2\/types\/page"}],"author":[{"embeddable":true,"href":"https:\/\/www.heijastuksiaterapia.fi\/index.php\/wp-json\/wp\/v2\/users\/1"}],"replies":[{"embeddable":true,"href":"https:\/\/www.heijastuksiaterapia.fi\/index.php\/wp-json\/wp\/v2\/comments?post=37"}],"version-history":[{"count":4,"href":"https:\/\/www.heijastuksiaterapia.fi\/index.php\/wp-json\/wp\/v2\/pages\/37\/revisions"}],"predecessor-version":[{"id":140,"href":"https:\/\/www.heijastuksiaterapia.fi\/index.php\/wp-json\/wp\/v2\/pages\/37\/revisions\/140"}],"wp:attachment":[{"href":"https:\/\/www.heijastuksiaterapia.fi\/index.php\/wp-json\/wp\/v2\/media?parent=37"}],"curies":[{"name":"wp","href":"https:\/\/api.w.org\/{rel}","templated":true}]}}