{"id":115,"date":"2023-12-10T17:11:32","date_gmt":"2023-12-10T17:11:32","guid":{"rendered":"https:\/\/www.heijastuksiaterapia.fi\/?page_id=115"},"modified":"2025-11-30T20:20:07","modified_gmt":"2025-11-30T20:20:07","slug":"kouluttaminen","status":"publish","type":"page","link":"https:\/\/www.heijastuksiaterapia.fi\/index.php\/kouluttaminen\/","title":{"rendered":"Kouluttaminen &#038; oppitunnit"},"content":{"rendered":"\n<div class=\"wp-block-columns is-layout-flex wp-container-core-columns-is-layout-28f84493 wp-block-columns-is-layout-flex\">\n<div class=\"wp-block-column is-layout-flow wp-block-column-is-layout-flow\">\n<p>Koulutukset suunnitellaan aina tilaajan tarpeiden mukaan ja ne voivat olla joko luentotyyppisi\u00e4 tai osallistavia. Olen ollut mukana ty\u00f6yhteis\u00f6jen koulutus- ja kehitt\u00e4misp\u00e4iviss\u00e4, erilaisissa vanhempainilloissa&nbsp; ja oppilaitosten hyvinvointip\u00e4iviss\u00e4.<\/p>\n\n\n\n<p>Koulutusten sis\u00e4ll\u00f6t ovat olleet esimerkiksi seuraavanlaisia:<\/p>\n\n\n\n<p>\u201dMiten tukea nuorta turvallisiin ihmissuhteisiin\u201d<\/p>\n\n\n\n<p>\u201dNuori v\u00e4kivallan tekij\u00e4n\u00e4 ja kokijana\u201d<\/p>\n\n\n\n<p>\u201dVanhemmuus ja parisuhde murrosik\u00e4isen perheess\u00e4\u201d<\/p>\n\n\n\n<p>\u201dSeksuaalisuus nuoruusi\u00e4ss\u00e4\u201d<\/p>\n\n\n\n<p>\u201dTraumatietoinen kohtaaminen perheneuvolaty\u00f6ss\u00e4\u201d<\/p>\n\n\n\n<p>\u201dT\u00e4rke\u00e4t tunteet \u2013 kuinka auttaa lasta tunnistamaan ja s\u00e4\u00e4telem\u00e4\u00e4n tunteitaan? \u201d<\/p>\n\n\n\n<p>\u201dHyvinvoiva ihmissuhde\u201d<\/p>\n\n\n\n<p>\u201dMist\u00e4 puhumme, kun puhumme v\u00e4kivallasta? \u201d<\/p>\n\n\n\n<p>\u201dSeksuaalinen h\u00e4irint\u00e4 ja kaltoinkohtelu nuoren maailmassa\u201d<\/p>\n\n\n\n<p>\u201d Mun rajoilla on v\u00e4li\u00e4\u201d ( toiminnallinen oppitunti nuorille)<\/p>\n\n\n\n<p>\u201dSeksuaaliv\u00e4kivaltaa kokeneen nuoren kohtaaminen\u201d<\/p>\n\n\n\n<p>\u201dLapset ja nuoret tuen tarvitsijoina\u201d&nbsp;<\/p>\n\n\n\n<p>\u201dSukupuolisensitiivinen kohtaaminen koulussa \u201d<\/p>\n\n\n\n<p>\u201dTraumatietoisuus kohtaamisen apuna \u201d<\/p>\n\n\n\n<p>Ole yhteydess\u00e4, niin suunnitellaan yhdess\u00e4 juuri teid\u00e4n tarpeisiinne sopiva sis\u00e4lt\u00f6!<\/p>\n<\/div>\n\n\n\n<div class=\"wp-block-column is-layout-flow wp-block-column-is-layout-flow\">\n<figure class=\"wp-block-image size-large\"><img loading=\"lazy\" decoding=\"async\" width=\"768\" height=\"1024\" src=\"https:\/\/www.heijastuksiaterapia.fi\/wp-content\/uploads\/2023\/12\/IMG_20230818_101929-2-768x1024.jpg\" alt=\"\" class=\"wp-image-125\" srcset=\"https:\/\/www.heijastuksiaterapia.fi\/wp-content\/uploads\/2023\/12\/IMG_20230818_101929-2-768x1024.jpg 768w, https:\/\/www.heijastuksiaterapia.fi\/wp-content\/uploads\/2023\/12\/IMG_20230818_101929-2-225x300.jpg 225w, https:\/\/www.heijastuksiaterapia.fi\/wp-content\/uploads\/2023\/12\/IMG_20230818_101929-2-2000x2667.jpg 2000w, https:\/\/www.heijastuksiaterapia.fi\/wp-content\/uploads\/2023\/12\/IMG_20230818_101929-2-scaled.jpg 1920w\" sizes=\"auto, (max-width: 768px) 100vw, 768px\" \/><\/figure>\n<\/div>\n<\/div>\n","protected":false},"excerpt":{"rendered":"<p>Koulutukset suunnitellaan aina tilaajan tarpeiden mukaan ja ne voivat olla joko luentotyyppisi\u00e4 tai osallistavia. Olen ollut mukana ty\u00f6yhteis\u00f6jen koulutus- ja kehitt\u00e4misp\u00e4iviss\u00e4, erilaisissa vanhempainilloissa&nbsp; ja oppilaitosten hyvinvointip\u00e4iviss\u00e4. Koulutusten sis\u00e4ll\u00f6t ovat olleet esimerkiksi seuraavanlaisia: \u201dMiten tukea nuorta turvallisiin ihmissuhteisiin\u201d \u201dNuori v\u00e4kivallan tekij\u00e4n\u00e4 ja kokijana\u201d \u201dVanhemmuus ja parisuhde murrosik\u00e4isen perheess\u00e4\u201d \u201dSeksuaalisuus nuoruusi\u00e4ss\u00e4\u201d \u201dTraumatietoinen kohtaaminen perheneuvolaty\u00f6ss\u00e4\u201d \u201dT\u00e4rke\u00e4t tunteet \u2013 &hellip; <\/p>\n<p class=\"link-more\"><a href=\"https:\/\/www.heijastuksiaterapia.fi\/index.php\/kouluttaminen\/\" class=\"more-link\">Read more<span class=\"screen-reader-text\"> &#8221;Kouluttaminen &#038; oppitunnit&#8221;<\/span><\/a><\/p>\n","protected":false},"author":1,"featured_media":0,"parent":0,"menu_order":0,"comment_status":"closed","ping_status":"closed","template":"","meta":{"inspiro_hide_title":false,"footnotes":""},"class_list":["post-115","page","type-page","status-publish","hentry"],"_links":{"self":[{"href":"https:\/\/www.heijastuksiaterapia.fi\/index.php\/wp-json\/wp\/v2\/pages\/115","targetHints":{"allow":["GET"]}}],"collection":[{"href":"https:\/\/www.heijastuksiaterapia.fi\/index.php\/wp-json\/wp\/v2\/pages"}],"about":[{"href":"https:\/\/www.heijastuksiaterapia.fi\/index.php\/wp-json\/wp\/v2\/types\/page"}],"author":[{"embeddable":true,"href":"https:\/\/www.heijastuksiaterapia.fi\/index.php\/wp-json\/wp\/v2\/users\/1"}],"replies":[{"embeddable":true,"href":"https:\/\/www.heijastuksiaterapia.fi\/index.php\/wp-json\/wp\/v2\/comments?post=115"}],"version-history":[{"count":4,"href":"https:\/\/www.heijastuksiaterapia.fi\/index.php\/wp-json\/wp\/v2\/pages\/115\/revisions"}],"predecessor-version":[{"id":144,"href":"https:\/\/www.heijastuksiaterapia.fi\/index.php\/wp-json\/wp\/v2\/pages\/115\/revisions\/144"}],"wp:attachment":[{"href":"https:\/\/www.heijastuksiaterapia.fi\/index.php\/wp-json\/wp\/v2\/media?parent=115"}],"curies":[{"name":"wp","href":"https:\/\/api.w.org\/{rel}","templated":true}]}}