{"id":15,"date":"2023-12-10T14:20:11","date_gmt":"2023-12-10T14:20:11","guid":{"rendered":"https:\/\/www.heijastuksiaterapia.fi\/?page_id=15"},"modified":"2023-12-10T14:56:36","modified_gmt":"2023-12-10T14:56:36","slug":"etusivu","status":"publish","type":"page","link":"http:\/\/www.heijastuksiaterapia.fi\/","title":{"rendered":"heijastuksia"},"content":{"rendered":"\n<p><strong>Kiva ett\u00e4 olet l\u00f6yt\u00e4nyt sivuilleni!<\/strong><\/p>\n\n\n\n<p>Olen pariterapeutti, auktorisoitu seksuaalineuvoja ja terveydenhoitaja. Olen mielell\u00e4ni apunasi, kun haluat joko yksin tai yhdess\u00e4 kumppanin kanssa pys\u00e4hty\u00e4 parisuhteen \u00e4\u00e4relle pohtimaan, mik\u00e4 toisi lis\u00e4\u00e4 tyytyv\u00e4isyytt\u00e4 tuohon t\u00e4rke\u00e4\u00e4n ihmissuhteeseen.<\/p>\n\n\n\n<p>Tai mik\u00e4li haluat pohtia omaa itse\u00e4si, hyvinvointiasi tai vaikka seksuaalisuuteen liittyvi\u00e4 teemoja toivon voivani tarjota sinulle turvallisen ja rauhallisen paikan pys\u00e4htymiselle.<\/p>\n\n\n\n<p>Olet l\u00e4mpim\u00e4sti tervetullut tapaamaan minua!<\/p>\n\n\n\n<p><strong>Mink\u00e4laista terapeuttia etsit(te)?<\/strong><\/p>\n\n\n\n<p>Terapian aloittaminen vaatii aina rohkeutta ja uskallusta jakaa itsest\u00e4 niit\u00e4 kaikkein syvimpi\u00e4 ja ehk\u00e4 kipeimpi\u00e4kin asioita. T\u00e4m\u00e4n vuoksi ei ole ihan yhdentekev\u00e4\u00e4, kenen kanssa tuolle matkalle l\u00e4hdet(te).<\/p>\n\n\n\n<p>Itselleni on t\u00e4rke\u00e4\u00e4 luottamuksellisuus, tasavertaisuus ja ammatillisuus. Haluan kuulla juuri sinun\/ teid\u00e4n tarinanne ja pys\u00e4hty\u00e4 yhdess\u00e4 sen \u00e4\u00e4reen miettim\u00e4\u00e4n, mik\u00e4 toisi esimerkiksi parisuhteeseenne sit\u00e4, mit\u00e4 toivotte ja kaipaatte.<\/p>\n\n\n\n<p>Jos haluat (te) tutustua tapaani ty\u00f6skennell\u00e4, voitte varata ajan tutustumisk\u00e4ynnille.<\/p>\n","protected":false},"excerpt":{"rendered":"<p>Kiva ett\u00e4 olet l\u00f6yt\u00e4nyt sivuilleni! Olen pariterapeutti, auktorisoitu seksuaalineuvoja ja terveydenhoitaja. Olen mielell\u00e4ni apunasi, kun haluat joko yksin tai yhdess\u00e4 kumppanin kanssa pys\u00e4hty\u00e4 parisuhteen \u00e4\u00e4relle pohtimaan, mik\u00e4 toisi lis\u00e4\u00e4 tyytyv\u00e4isyytt\u00e4 tuohon t\u00e4rke\u00e4\u00e4n ihmissuhteeseen. Tai mik\u00e4li haluat pohtia omaa itse\u00e4si, hyvinvointiasi tai vaikka seksuaalisuuteen liittyvi\u00e4 teemoja toivon voivani tarjota sinulle turvallisen ja rauhallisen paikan pys\u00e4htymiselle. Olet &hellip; <\/p>\n<p class=\"link-more\"><a href=\"http:\/\/www.heijastuksiaterapia.fi\/\" class=\"more-link\">Read more<span class=\"screen-reader-text\"> &#8221;heijastuksia&#8221;<\/span><\/a><\/p>\n","protected":false},"author":1,"featured_media":0,"parent":0,"menu_order":0,"comment_status":"closed","ping_status":"closed","template":"","meta":{"inspiro_hide_title":false,"footnotes":""},"class_list":["post-15","page","type-page","status-publish","hentry"],"_links":{"self":[{"href":"http:\/\/www.heijastuksiaterapia.fi\/index.php\/wp-json\/wp\/v2\/pages\/15","targetHints":{"allow":["GET"]}}],"collection":[{"href":"http:\/\/www.heijastuksiaterapia.fi\/index.php\/wp-json\/wp\/v2\/pages"}],"about":[{"href":"http:\/\/www.heijastuksiaterapia.fi\/index.php\/wp-json\/wp\/v2\/types\/page"}],"author":[{"embeddable":true,"href":"http:\/\/www.heijastuksiaterapia.fi\/index.php\/wp-json\/wp\/v2\/users\/1"}],"replies":[{"embeddable":true,"href":"http:\/\/www.heijastuksiaterapia.fi\/index.php\/wp-json\/wp\/v2\/comments?post=15"}],"version-history":[{"count":3,"href":"http:\/\/www.heijastuksiaterapia.fi\/index.php\/wp-json\/wp\/v2\/pages\/15\/revisions"}],"predecessor-version":[{"id":59,"href":"http:\/\/www.heijastuksiaterapia.fi\/index.php\/wp-json\/wp\/v2\/pages\/15\/revisions\/59"}],"wp:attachment":[{"href":"http:\/\/www.heijastuksiaterapia.fi\/index.php\/wp-json\/wp\/v2\/media?parent=15"}],"curies":[{"name":"wp","href":"https:\/\/api.w.org\/{rel}","templated":true}]}}